{"id":5060,"date":"2022-03-14T23:51:39","date_gmt":"2022-03-14T23:51:39","guid":{"rendered":"https:\/\/valenciaguitars.com\/?page_id=5060"},"modified":"2022-03-16T05:56:55","modified_gmt":"2022-03-16T05:56:55","slug":"musicopolix-alcorcon","status":"publish","type":"page","link":"https:\/\/valenciaguitars.com\/fr\/musicopolix-alcorcon\/","title":{"rendered":"Musicopolix"},"content":{"rendered":"<div data-elementor-type=\"wp-page\" data-elementor-id=\"5060\" class=\"elementor elementor-5060\" data-elementor-post-type=\"page\">\n\t\t\t\t\t\t<section class=\"elementor-section elementor-top-section elementor-element elementor-element-40040318 elementor-section-boxed elementor-section-height-default elementor-section-height-default\" data-id=\"40040318\" data-element_type=\"section\" data-e-type=\"section\" data-settings=\"{&quot;background_background&quot;:&quot;classic&quot;,&quot;ekit_has_onepagescroll_dot&quot;:&quot;yes&quot;}\">\n\t\t\t\t\t\t<div class=\"elementor-container elementor-column-gap-default\">\n\t\t\t\t\t<div class=\"elementor-column elementor-col-100 elementor-top-column elementor-element elementor-element-64484a32\" data-id=\"64484a32\" data-element_type=\"column\" data-e-type=\"column\">\n\t\t\t<div class=\"elementor-widget-wrap elementor-element-populated\">\n\t\t\t\t\t\t<div class=\"elementor-element elementor-element-7da0fa4c elementor-widget elementor-widget-heading\" data-id=\"7da0fa4c\" data-element_type=\"widget\" data-e-type=\"widget\" data-settings=\"{&quot;ekit_we_effect_on&quot;:&quot;none&quot;}\" data-widget_type=\"heading.default\">\n\t\t\t\t<div class=\"elementor-widget-container\">\n\t\t\t\t\t<h1 class=\"elementor-heading-title elementor-size-default\">Musicopolix - Alcorc\u00f3n<\/h1>\t\t\t\t<\/div>\n\t\t\t\t<\/div>\n\t\t\t\t\t<\/div>\n\t\t<\/div>\n\t\t\t\t\t<\/div>\n\t\t<\/section>\n\t\t\t\t<section class=\"elementor-section elementor-top-section elementor-element elementor-element-14558e7e elementor-section-content-middle elementor-section-boxed elementor-section-height-default elementor-section-height-default\" data-id=\"14558e7e\" data-element_type=\"section\" data-e-type=\"section\" data-settings=\"{&quot;ekit_has_onepagescroll_dot&quot;:&quot;yes&quot;}\">\n\t\t\t\t\t\t<div class=\"elementor-container elementor-column-gap-wider\">\n\t\t\t\t\t<div class=\"elementor-column elementor-col-33 elementor-top-column elementor-element elementor-element-3d2489fa\" data-id=\"3d2489fa\" data-element_type=\"column\" data-e-type=\"column\">\n\t\t\t<div class=\"elementor-widget-wrap elementor-element-populated\">\n\t\t\t\t\t\t<div class=\"elementor-element elementor-element-b08f306 elementor-widget elementor-widget-video\" data-id=\"b08f306\" data-element_type=\"widget\" data-e-type=\"widget\" data-settings=\"{&quot;video_type&quot;:&quot;hosted&quot;,&quot;show_image_overlay&quot;:&quot;yes&quot;,&quot;image_overlay&quot;:{&quot;url&quot;:&quot;&quot;,&quot;id&quot;:&quot;&quot;,&quot;size&quot;:&quot;&quot;,&quot;alt&quot;:&quot;&quot;,&quot;source&quot;:&quot;library&quot;},&quot;controls&quot;:&quot;yes&quot;,&quot;ekit_we_effect_on&quot;:&quot;none&quot;}\" data-widget_type=\"video.default\">\n\t\t\t\t<div class=\"elementor-widget-container\">\n\t\t\t\t\t\t\t<div class=\"e-hosted-video elementor-wrapper elementor-open-inline\">\n\t\t\t\t\t<video class=\"elementor-video\" src=\"https:\/\/valenciaguitars.com\/wp-content\/uploads\/2022\/03\/Alcorcon.mp4\" controls=\"\" preload=\"metadata\" controlslist=\"nodownload\"><\/video>\n\t\t\t\t<\/div>\n\t\t\t\t\t\t<\/div>\n\t\t\t\t<\/div>\n\t\t\t\t<div class=\"elementor-element elementor-element-7c38a66a elementor-widget elementor-widget-heading\" data-id=\"7c38a66a\" data-element_type=\"widget\" data-e-type=\"widget\" data-settings=\"{&quot;ekit_we_effect_on&quot;:&quot;none&quot;}\" data-widget_type=\"heading.default\">\n\t\t\t\t<div class=\"elementor-widget-container\">\n\t\t\t\t\t<h2 class=\"elementor-heading-title elementor-size-default\"><a href=\"https:\/\/musicopolix.com\/info\/11-tienda-musica-alcorcon\" target=\"_blank\">musicopolix.com<\/a><\/h2>\t\t\t\t<\/div>\n\t\t\t\t<\/div>\n\t\t\t\t\t<\/div>\n\t\t<\/div>\n\t\t\t\t<div class=\"elementor-column elementor-col-66 elementor-top-column elementor-element elementor-element-18e8a14b\" data-id=\"18e8a14b\" data-element_type=\"column\" data-e-type=\"column\">\n\t\t\t<div class=\"elementor-widget-wrap elementor-element-populated\">\n\t\t\t\t\t\t<div class=\"elementor-element elementor-element-a53d5dd elementor-widget elementor-widget-image\" data-id=\"a53d5dd\" data-element_type=\"widget\" data-e-type=\"widget\" data-settings=\"{&quot;ekit_we_effect_on&quot;:&quot;none&quot;}\" data-widget_type=\"image.default\">\n\t\t\t\t<div class=\"elementor-widget-container\">\n\t\t\t\t\t\t\t\t\t\t\t\t\t\t\t<img decoding=\"async\" width=\"250\" height=\"75\" src=\"https:\/\/valenciaguitars.com\/wp-content\/uploads\/2022\/03\/musicopolix-logo.png\" class=\"attachment-large size-large wp-image-5079\" alt=\"\" srcset=\"https:\/\/valenciaguitars.com\/wp-content\/uploads\/2022\/03\/musicopolix-logo.png 250w, https:\/\/valenciaguitars.com\/wp-content\/uploads\/2022\/03\/musicopolix-logo-18x5.png 18w\" sizes=\"(max-width: 250px) 100vw, 250px\" \/>\t\t\t\t\t\t\t\t\t\t\t\t\t\t\t<\/div>\n\t\t\t\t<\/div>\n\t\t\t\t<div class=\"elementor-element elementor-element-33fafa9e elementor-view-default elementor-widget elementor-widget-icon\" data-id=\"33fafa9e\" data-element_type=\"widget\" data-e-type=\"widget\" data-settings=\"{&quot;ekit_we_effect_on&quot;:&quot;none&quot;}\" data-widget_type=\"icon.default\">\n\t\t\t\t<div class=\"elementor-widget-container\">\n\t\t\t\t\t\t\t<div class=\"elementor-icon-wrapper\">\n\t\t\t<div class=\"elementor-icon\">\n\t\t\t\t\t\t\t<i class=\"fa fa-quote-left\" aria-hidden=\"true\"><\/i>\n\t\t\t\t\t\t<\/div>\n\t\t<\/div>\n\t\t\t\t\t\t<\/div>\n\t\t\t\t<\/div>\n\t\t\t\t<div class=\"elementor-element elementor-element-292b1f80 elementor-widget elementor-widget-text-editor\" data-id=\"292b1f80\" data-element_type=\"widget\" data-e-type=\"widget\" data-settings=\"{&quot;ekit_we_effect_on&quot;:&quot;none&quot;}\" data-widget_type=\"text-editor.default\">\n\t\t\t\t<div class=\"elementor-widget-container\">\n\t\t\t\t\t\t\t\t\t<p>Dans notre\u00a0<strong>magasin d&#039;instruments de musique \u00e0 Alcorc\u00f3n<\/strong>\u00a0, vous pouvez choisir parmi une grande vari\u00e9t\u00e9 d&#039;instruments de qualit\u00e9 au meilleur prix. Musicopolix Alcorc\u00f3n dispose d&#039;un vaste catalogue dans lequel se distinguent les guitares classiques, \u00e9lectro-classiques, acoustiques, \u00e9lectro-acoustiques et \u00e9lectriques, les batteries acoustiques et \u00e9lectroniques, les ukul\u00e9l\u00e9s, etc.<\/p><p>Sp\u00e9cialisation et professionnalisme nous permettent d&#039;\u00eatre parfaitement \u00e0 l&#039;\u00e9coute des besoins de nos clients, d\u00e9butants comme les plus exigeants.\u00a0<strong>C&#039;est pourquoi nous travaillons avec deux gammes de produits : <\/strong>nos instruments de marque propre et une gamme de marques reconnues aux meilleurs prix tels que\u00a0<strong>Valence <\/strong>&#8230;<\/p>\t\t\t\t\t\t\t\t<\/div>\n\t\t\t\t<\/div>\n\t\t\t\t<div class=\"elementor-element elementor-element-707fec07 elementor-widget elementor-widget-heading\" data-id=\"707fec07\" data-element_type=\"widget\" data-e-type=\"widget\" data-settings=\"{&quot;ekit_we_effect_on&quot;:&quot;none&quot;}\" data-widget_type=\"heading.default\">\n\t\t\t\t<div class=\"elementor-widget-container\">\n\t\t\t\t\t<h2 class=\"elementor-heading-title elementor-size-default\">Rafa Parra<\/h2>\t\t\t\t<\/div>\n\t\t\t\t<\/div>\n\t\t\t\t<div class=\"elementor-element elementor-element-5b1232fb elementor-widget elementor-widget-heading\" data-id=\"5b1232fb\" data-element_type=\"widget\" data-e-type=\"widget\" data-settings=\"{&quot;ekit_we_effect_on&quot;:&quot;none&quot;}\" data-widget_type=\"heading.default\">\n\t\t\t\t<div class=\"elementor-widget-container\">\n\t\t\t\t\t<h2 class=\"elementor-heading-title elementor-size-default\">Directeur Musicopolix, Alcorcon Alcorcon, Espagne<\/h2>\t\t\t\t<\/div>\n\t\t\t\t<\/div>\n\t\t\t\t\t<\/div>\n\t\t<\/div>\n\t\t\t\t\t<\/div>\n\t\t<\/section>\n\t\t\t\t<section class=\"elementor-section elementor-top-section elementor-element elementor-element-60bfa172 elementor-section-boxed elementor-section-height-default elementor-section-height-default\" data-id=\"60bfa172\" data-element_type=\"section\" data-e-type=\"section\" data-settings=\"{&quot;ekit_has_onepagescroll_dot&quot;:&quot;yes&quot;}\">\n\t\t\t\t\t\t<div class=\"elementor-container elementor-column-gap-default\">\n\t\t\t\t\t<div class=\"elementor-column elementor-col-33 elementor-top-column elementor-element elementor-element-675b1710\" data-id=\"675b1710\" data-element_type=\"column\" data-e-type=\"column\">\n\t\t\t<div class=\"elementor-widget-wrap elementor-element-populated\">\n\t\t\t\t\t\t<div class=\"elementor-element elementor-element-74b450b6 elementor-align-center elementor-widget elementor-widget-button\" data-id=\"74b450b6\" data-element_type=\"widget\" data-e-type=\"widget\" data-settings=\"{&quot;ekit_we_effect_on&quot;:&quot;none&quot;}\" data-widget_type=\"button.default\">\n\t\t\t\t<div class=\"elementor-widget-container\">\n\t\t\t\t\t\t\t\t\t<div class=\"elementor-button-wrapper\">\n\t\t\t\t\t<a class=\"elementor-button elementor-button-link elementor-size-sm\" href=\"https:\/\/valenciaguitars.com\/fr\/?page_id=28\">\n\t\t\t\t\t\t<span class=\"elementor-button-content-wrapper\">\n\t\t\t\t\t\t<span class=\"elementor-button-icon\">\n\t\t\t\t<i aria-hidden=\"true\" class=\"fas fa-search-plus\"><\/i>\t\t\t<\/span>\n\t\t\t\t\t\t\t\t\t<span class=\"elementor-button-text\">Plus de t\u00e9moignages<\/span>\n\t\t\t\t\t<\/span>\n\t\t\t\t\t<\/a>\n\t\t\t\t<\/div>\n\t\t\t\t\t\t\t\t<\/div>\n\t\t\t\t<\/div>\n\t\t\t\t\t<\/div>\n\t\t<\/div>\n\t\t\t\t<div class=\"elementor-column elementor-col-66 elementor-top-column elementor-element elementor-element-38dd8956\" data-id=\"38dd8956\" data-element_type=\"column\" data-e-type=\"column\">\n\t\t\t<div class=\"elementor-widget-wrap\">\n\t\t\t\t\t\t\t<\/div>\n\t\t<\/div>\n\t\t\t\t\t<\/div>\n\t\t<\/section>\n\t\t\t\t<\/div>","protected":false},"excerpt":{"rendered":"<p>Musicopolix &#8211; Alcorcon https:\/\/valenciaguitars.com\/wp-content\/uploads\/2022\/03\/Alcorcon.mp4 musicopolix.com In our&nbsp;musical instrument store in Alcorc\u00f3n&nbsp;, you can choose from a wide variety of quality instruments at the best price.&nbsp;Musicopolix Alcorc\u00f3n has a wide catalog in which the following stand out: classical, electro-classical, acoustic, electro-acoustic and electric guitars, acoustic and electronic drums, ukuleles, etc. Specialization and professionalism allow us to [&hellip;]<\/p>\n","protected":false},"author":1,"featured_media":5061,"parent":0,"menu_order":0,"comment_status":"closed","ping_status":"closed","template":"","meta":{"footnotes":""},"categories":[50,49],"tags":[],"class_list":["post-5060","page","type-page","status-publish","has-post-thumbnail","hentry","category-alcorcon-spain","category-spain"],"_links":{"self":[{"href":"https:\/\/valenciaguitars.com\/fr\/wp-json\/wp\/v2\/pages\/5060","targetHints":{"allow":["GET"]}}],"collection":[{"href":"https:\/\/valenciaguitars.com\/fr\/wp-json\/wp\/v2\/pages"}],"about":[{"href":"https:\/\/valenciaguitars.com\/fr\/wp-json\/wp\/v2\/types\/page"}],"author":[{"embeddable":true,"href":"https:\/\/valenciaguitars.com\/fr\/wp-json\/wp\/v2\/users\/1"}],"replies":[{"embeddable":true,"href":"https:\/\/valenciaguitars.com\/fr\/wp-json\/wp\/v2\/comments?post=5060"}],"version-history":[{"count":23,"href":"https:\/\/valenciaguitars.com\/fr\/wp-json\/wp\/v2\/pages\/5060\/revisions"}],"predecessor-version":[{"id":5449,"href":"https:\/\/valenciaguitars.com\/fr\/wp-json\/wp\/v2\/pages\/5060\/revisions\/5449"}],"wp:featuredmedia":[{"embeddable":true,"href":"https:\/\/valenciaguitars.com\/fr\/wp-json\/wp\/v2\/media\/5061"}],"wp:attachment":[{"href":"https:\/\/valenciaguitars.com\/fr\/wp-json\/wp\/v2\/media?parent=5060"}],"wp:term":[{"taxonomy":"category","embeddable":true,"href":"https:\/\/valenciaguitars.com\/fr\/wp-json\/wp\/v2\/categories?post=5060"},{"taxonomy":"post_tag","embeddable":true,"href":"https:\/\/valenciaguitars.com\/fr\/wp-json\/wp\/v2\/tags?post=5060"}],"curies":[{"name":"wp","href":"https:\/\/api.w.org\/{rel}","templated":true}]}}