{"id":4624,"date":"2022-02-14T00:00:31","date_gmt":"2022-02-14T00:00:31","guid":{"rendered":"https:\/\/valenciaguitars.com\/?page_id=4624"},"modified":"2022-04-19T23:58:32","modified_gmt":"2022-04-19T23:58:32","slug":"dan-maher","status":"publish","type":"page","link":"https:\/\/valenciaguitars.com\/fr\/dan-maher\/","title":{"rendered":"Dan Maher"},"content":{"rendered":"<div data-elementor-type=\"wp-page\" data-elementor-id=\"4624\" class=\"elementor elementor-4624\" data-elementor-post-type=\"page\">\n\t\t\t\t\t\t<section class=\"elementor-section elementor-top-section elementor-element elementor-element-2631e63 elementor-section-content-middle elementor-section-boxed elementor-section-height-default elementor-section-height-default\" data-id=\"2631e63\" data-element_type=\"section\" data-e-type=\"section\" data-settings=\"{&quot;ekit_has_onepagescroll_dot&quot;:&quot;yes&quot;}\">\n\t\t\t\t\t\t<div class=\"elementor-container elementor-column-gap-no\">\n\t\t\t\t\t<div class=\"elementor-column elementor-col-50 elementor-top-column elementor-element elementor-element-8f3cb9e\" data-id=\"8f3cb9e\" data-element_type=\"column\" data-e-type=\"column\">\n\t\t\t<div class=\"elementor-widget-wrap elementor-element-populated\">\n\t\t\t\t\t\t<div class=\"elementor-element elementor-element-b9d4d66 elementor-view-default elementor-widget elementor-widget-icon\" data-id=\"b9d4d66\" data-element_type=\"widget\" data-e-type=\"widget\" data-settings=\"{&quot;ekit_we_effect_on&quot;:&quot;none&quot;}\" data-widget_type=\"icon.default\">\n\t\t\t\t<div class=\"elementor-widget-container\">\n\t\t\t\t\t\t\t<div class=\"elementor-icon-wrapper\">\n\t\t\t<div class=\"elementor-icon\">\n\t\t\t\t\t\t\t<i class=\"fa fa-quote-left\" aria-hidden=\"true\"><\/i>\n\t\t\t\t\t\t<\/div>\n\t\t<\/div>\n\t\t\t\t\t\t<\/div>\n\t\t\t\t<\/div>\n\t\t\t\t<div class=\"elementor-element elementor-element-5b8bf8d elementor-widget elementor-widget-text-editor\" data-id=\"5b8bf8d\" data-element_type=\"widget\" data-e-type=\"widget\" data-settings=\"{&quot;ekit_we_effect_on&quot;:&quot;none&quot;}\" data-widget_type=\"text-editor.default\">\n\t\t\t\t<div class=\"elementor-widget-container\">\n\t\t\t\t\t\t\t\t\t<p>Nous souhaitons \u00e0 Valencia Guitars un tr\u00e8s joyeux 50e anniversaire ! En grandissant dans mon lyc\u00e9e, nous avions environ 30 Valencias et chaque jour, tous les guitaristes se pr\u00e9cipitaient toujours en classe pour mettre la main sur notre pr\u00e9f\u00e9r\u00e9 avant qu&#039;il ne soit pris, haha! De tr\u00e8s bons souvenirs de jouer ces merveilleuses guitares. Joyeux 50e\u00a0!<\/p>\t\t\t\t\t\t\t\t<\/div>\n\t\t\t\t<\/div>\n\t\t\t\t<div class=\"elementor-element elementor-element-2423c78 elementor-widget elementor-widget-heading\" data-id=\"2423c78\" data-element_type=\"widget\" data-e-type=\"widget\" data-settings=\"{&quot;ekit_we_effect_on&quot;:&quot;none&quot;}\" data-widget_type=\"heading.default\">\n\t\t\t\t<div class=\"elementor-widget-container\">\n\t\t\t\t\t<h2 class=\"elementor-heading-title elementor-size-default\">Dan Maher<\/h2>\t\t\t\t<\/div>\n\t\t\t\t<\/div>\n\t\t\t\t<div class=\"elementor-element elementor-element-26b48eb elementor-widget elementor-widget-heading\" data-id=\"26b48eb\" data-element_type=\"widget\" data-e-type=\"widget\" data-settings=\"{&quot;ekit_we_effect_on&quot;:&quot;none&quot;}\" data-widget_type=\"heading.default\">\n\t\t\t\t<div class=\"elementor-widget-container\">\n\t\t\t\t\t<h2 class=\"elementor-heading-title elementor-size-default\">Rita Ora, Little Mix, Adam Lambert, Tina Arena, Samantha Jade, Dancing With The Stars, The Voice <\/h2>\t\t\t\t<\/div>\n\t\t\t\t<\/div>\n\t\t\t\t<div class=\"elementor-element elementor-element-566450a elementor-align-left elementor-mobile-align-center elementor-widget elementor-widget-button\" data-id=\"566450a\" data-element_type=\"widget\" data-e-type=\"widget\" data-settings=\"{&quot;ekit_we_effect_on&quot;:&quot;none&quot;}\" data-widget_type=\"button.default\">\n\t\t\t\t<div class=\"elementor-widget-container\">\n\t\t\t\t\t\t\t\t\t<div class=\"elementor-button-wrapper\">\n\t\t\t\t\t<a class=\"elementor-button elementor-button-link elementor-size-sm\" href=\"https:\/\/valenciaguitars.com\/fr\/testimonials\/#musicians\">\n\t\t\t\t\t\t<span class=\"elementor-button-content-wrapper\">\n\t\t\t\t\t\t<span class=\"elementor-button-icon\">\n\t\t\t\t<i aria-hidden=\"true\" class=\"fas fa-search-plus\"><\/i>\t\t\t<\/span>\n\t\t\t\t\t\t\t\t\t<span class=\"elementor-button-text\">Plus de t\u00e9moignages<\/span>\n\t\t\t\t\t<\/span>\n\t\t\t\t\t<\/a>\n\t\t\t\t<\/div>\n\t\t\t\t\t\t\t\t<\/div>\n\t\t\t\t<\/div>\n\t\t\t\t\t<\/div>\n\t\t<\/div>\n\t\t\t\t<div class=\"elementor-column elementor-col-50 elementor-top-column elementor-element elementor-element-7f1e8d6\" data-id=\"7f1e8d6\" data-element_type=\"column\" data-e-type=\"column\">\n\t\t\t<div class=\"elementor-widget-wrap elementor-element-populated\">\n\t\t\t\t\t\t<div class=\"elementor-element elementor-element-88867ea elementor-widget elementor-widget-image\" data-id=\"88867ea\" data-element_type=\"widget\" data-e-type=\"widget\" data-settings=\"{&quot;ekit_we_effect_on&quot;:&quot;none&quot;}\" data-widget_type=\"image.default\">\n\t\t\t\t<div class=\"elementor-widget-container\">\n\t\t\t\t\t\t\t\t\t\t\t\t\t\t\t<img fetchpriority=\"high\" decoding=\"async\" width=\"293\" height=\"293\" src=\"https:\/\/valenciaguitars.com\/wp-content\/uploads\/2021\/11\/Dan_Mayer.jpg\" class=\"attachment-full size-full wp-image-1006\" alt=\"\" srcset=\"https:\/\/valenciaguitars.com\/wp-content\/uploads\/2021\/11\/Dan_Mayer.jpg 293w, https:\/\/valenciaguitars.com\/wp-content\/uploads\/2021\/11\/Dan_Mayer-150x150.jpg 150w\" sizes=\"(max-width: 293px) 100vw, 293px\" \/>\t\t\t\t\t\t\t\t\t\t\t\t\t\t\t<\/div>\n\t\t\t\t<\/div>\n\t\t\t\t\t<\/div>\n\t\t<\/div>\n\t\t\t\t\t<\/div>\n\t\t<\/section>\n\t\t\t\t<\/div>","protected":false},"excerpt":{"rendered":"<p>Wishing Valencia Guitars a very happy 50th Anniversary! Growing up in my High School, we had about 30 Valencias and each day all the guitarists would always rush to class to get our hands on our favourite one before it was taken, haha! Very fond memories of playing these wonderful guitars. Happy 50th! Dan Maher [&hellip;]<\/p>\n","protected":false},"author":1,"featured_media":1006,"parent":0,"menu_order":0,"comment_status":"closed","ping_status":"closed","template":"","meta":{"footnotes":""},"categories":[16],"tags":[],"class_list":["post-4624","page","type-page","status-publish","has-post-thumbnail","hentry","category-sydney-aus"],"_links":{"self":[{"href":"https:\/\/valenciaguitars.com\/fr\/wp-json\/wp\/v2\/pages\/4624","targetHints":{"allow":["GET"]}}],"collection":[{"href":"https:\/\/valenciaguitars.com\/fr\/wp-json\/wp\/v2\/pages"}],"about":[{"href":"https:\/\/valenciaguitars.com\/fr\/wp-json\/wp\/v2\/types\/page"}],"author":[{"embeddable":true,"href":"https:\/\/valenciaguitars.com\/fr\/wp-json\/wp\/v2\/users\/1"}],"replies":[{"embeddable":true,"href":"https:\/\/valenciaguitars.com\/fr\/wp-json\/wp\/v2\/comments?post=4624"}],"version-history":[{"count":16,"href":"https:\/\/valenciaguitars.com\/fr\/wp-json\/wp\/v2\/pages\/4624\/revisions"}],"predecessor-version":[{"id":5827,"href":"https:\/\/valenciaguitars.com\/fr\/wp-json\/wp\/v2\/pages\/4624\/revisions\/5827"}],"wp:featuredmedia":[{"embeddable":true,"href":"https:\/\/valenciaguitars.com\/fr\/wp-json\/wp\/v2\/media\/1006"}],"wp:attachment":[{"href":"https:\/\/valenciaguitars.com\/fr\/wp-json\/wp\/v2\/media?parent=4624"}],"wp:term":[{"taxonomy":"category","embeddable":true,"href":"https:\/\/valenciaguitars.com\/fr\/wp-json\/wp\/v2\/categories?post=4624"},{"taxonomy":"post_tag","embeddable":true,"href":"https:\/\/valenciaguitars.com\/fr\/wp-json\/wp\/v2\/tags?post=4624"}],"curies":[{"name":"wp","href":"https:\/\/api.w.org\/{rel}","templated":true}]}}